{"id":2269,"date":"2019-10-08T16:23:30","date_gmt":"2019-10-08T16:23:30","guid":{"rendered":"https:\/\/soundfactory.info\/haufig-gestellte-fragen\/"},"modified":"2019-10-08T16:27:26","modified_gmt":"2019-10-08T16:27:26","slug":"faq","status":"publish","type":"page","link":"https:\/\/soundfactory.info\/de\/faq\/","title":{"rendered":"faq"},"content":{"rendered":"<div  style='padding-bottom:10px; ' class='av-special-heading av-special-heading-h1  blockquote modern-quote modern-centered  avia-builder-el-0  el_before_av_hr  avia-builder-el-first  '><h1 class='av-special-heading-tag '  itemprop=\"headline\"  >h\u00e4ufig gestellte Fragen zu Soundfactory.info<\/h1><div class='special-heading-border'><div class='special-heading-inner-border' ><\/div><\/div><\/div>\n<div   class='hr hr-default   avia-builder-el-1  el_after_av_heading  el_before_av_textblock '><span class='hr-inner ' ><span class='hr-inner-style'><\/span><\/span><\/div>\n<section class=\"av_textblock_section \"  itemscope=\"itemscope\" itemtype=\"https:\/\/schema.org\/CreativeWork\" ><div class='avia_textblock  '   itemprop=\"text\" ><p>Hier finden Sie die h\u00e4ufigsten Fragen und Antworten<\/p>\n<\/div><\/section>\n<div   data-autoplay='false'  data-interval='5'  data-animation='slide'  data-show_slide_delay='30'  class='avia-content-slider-element-container avia-content-slider-element-slider avia-content-slider avia-smallarrow-slider avia-content-slider-active avia-content-slider1 avia-content-slider-odd  avia-builder-el-3  el_after_av_textblock  avia-builder-el-last  ' ><div class='avia-smallarrow-slider-heading  no-content-slider-heading '><div class='new-special-heading'>&nbsp;<\/div><div class='avia-slideshow-arrows avia-slideshow-controls'><a href='#prev' class='prev-slide' aria-hidden='true' data-av_icon='\ue87c' data-av_iconfont='entypo-fontello'>Zur\u00fcck<\/a><a href='#next' class='next-slide' aria-hidden='true' data-av_icon='\ue87d' data-av_iconfont='entypo-fontello'>Weiter<\/a><\/div><\/div><div class='avia-content-slider-inner'><div class='slide-entry-wrap'><section class='slide-entry flex_column post-entry slide-entry-overview slide-loop-1 slide-parity-odd  av_fullwidth first'  itemscope=\"itemscope\" itemtype=\"https:\/\/schema.org\/CreativeWork\" ><h3 class='slide-entry-title entry-title '  itemprop=\"headline\" >WELCHES FORMAT BIETET IHR AN?<\/h3><div class='slide-entry-excerpt entry-content'  itemprop=\"text\" ><p>Wir bieten die g\u00e4ngigsten Sound-Sample-Formate f\u00fcr Marken wie Yamaha, Wersi, Korg, SF2, GIG, ESX24,<\/p>\n<\/div><\/section><\/div><div class='slide-entry-wrap'><section class='slide-entry flex_column post-entry slide-entry-overview slide-loop-2 slide-parity-odd  av_fullwidth first'  itemscope=\"itemscope\" itemtype=\"https:\/\/schema.org\/CreativeWork\" ><h3 class='slide-entry-title entry-title '  itemprop=\"headline\" >WIE ERHALTE ICH MEINE SOFTWARE ?<\/h3><div class='slide-entry-excerpt entry-content'  itemprop=\"text\" ><p>Nach erfolgreicher Zahlung per PayPal, Kreditkarte oder Bank\u00fcberweisung erh\u00e4ltst du von uns eine E-Mail mit dem Downloadlink-Button. Wenn Sie Bank\u00fcberweisung w\u00e4hlen, erh\u00e4ltst du den Download-Link, nachdem wir deine Zahlung erhalten haben. Dies dauert etwa 1-3 Werktage.<\/p>\n<p>Wir senden dir keinen USB-Laufwerk oder DVD. Du erh\u00e4ltst einen sofortigen Download von unseren gesicherten Servern. Die meisten Dateien werden mit ZIP komprimiert. Wir verwenden ein Passwort f\u00fcr die ZIP-Dateien, welche du per E-Mail zum Dekomprimieren bekommst. Nach dem Dekomprimieren der Dateien bekommst du die Sounddatei oder den Ordner f\u00fcr dein Instrument oder Softwaresampler.<\/p>\n<p>Kopiere die Datei auf z.B. ein USB-Stick-Laufwerk und f\u00fcgen sie in dein Ger\u00e4t ein. Z.B. Yamaha geht durch die Extension Manager Software<\/p>\n<\/div><\/section><\/div><div class='slide-entry-wrap'><section class='slide-entry flex_column post-entry slide-entry-overview slide-loop-3 slide-parity-odd  av_fullwidth first'  itemscope=\"itemscope\" itemtype=\"https:\/\/schema.org\/CreativeWork\" ><h3 class='slide-entry-title entry-title '  itemprop=\"headline\" >WAS ICH BEKOMME?<\/h3><div class='slide-entry-excerpt entry-content'  itemprop=\"text\" ><p>Du bekommst exakt diesen Sound oder die MP3\/WAV f\u00fcr dein Instrument, welches du auch in unserem Video oder Audiodemo h\u00f6rst. Wir betr\u00fcgen dich nicht! Alle Videos und Demos wurden LIVE mit einer Kamera aufgezeichnet, und nur mit einem Arranger Style oder der MP3\/WAV-Datei und nur mit den eigenen Effekten des Keyboards Wir verwenden nur Standardstyles und keine Drittanbieter in den Keys, die du auch im Video\/Audio h\u00f6rst. So k\u00f6nnen wir garantieren, dass du 1:1 genau dieses Sampe oder mp3 bekommst, welches du auf unseren Seiten h\u00f6rst.<\/p>\n<\/div><\/section><\/div><div class='slide-entry-wrap'><section class='slide-entry flex_column post-entry slide-entry-overview slide-loop-4 slide-parity-odd  av_fullwidth first'  itemscope=\"itemscope\" itemtype=\"https:\/\/schema.org\/CreativeWork\" ><h3 class='slide-entry-title entry-title '  itemprop=\"headline\" >MEIN SOUND KLINGT NICHT WIE IM VIDEO<\/h3><div class='slide-entry-excerpt entry-content'  itemprop=\"text\" ><p>Du kannst sicher sein, dass du 100% das bekommst was du im Video\/Audio h\u00f6rst. Wenn dein Sample-Sound nicht so wie unserem Video oder Audio klingt, gibt es 2 M\u00f6glichkeiten.<\/p>\n<p>1. Du spielst es nicht wie unser D\u00e4monstator :-)<br \/>\n2. Du solltest die Effekte von Ihrem Instrument verwenden und gute Lautsprecher verwenden<\/p>\n<\/div><\/section><\/div><div class='slide-entry-wrap'><section class='slide-entry flex_column post-entry slide-entry-overview slide-loop-5 slide-parity-odd  av_fullwidth first'  itemscope=\"itemscope\" itemtype=\"https:\/\/schema.org\/CreativeWork\" ><h3 class='slide-entry-title entry-title '  itemprop=\"headline\" >BIETEN WIR EINE GELD ZUR\u00dcCK GARANTIE?<\/h3><div class='slide-entry-excerpt entry-content'  itemprop=\"text\" ><p>Nein! Wir wissen, dass unsere Software 100% perfekt und n\u00fctzlich ist. Sobald Sie es als digitales Produkt von unseren Server heruntergeladen haben, k\u00f6nnen wir Ihnen keine Bestellung mehr zur\u00fcckerstatten. Deshalb haben wir f\u00fcr jedes Sound Sample und die Halbplaybacks ein Video oder Audio aufgenommen.<\/p>\n<\/div><\/section><\/div><div class='slide-entry-wrap'><section class='slide-entry flex_column post-entry slide-entry-overview slide-loop-6 slide-parity-odd  post-entry-last  av_fullwidth first'  itemscope=\"itemscope\" itemtype=\"https:\/\/schema.org\/CreativeWork\" ><h3 class='slide-entry-title entry-title '  itemprop=\"headline\" >DARF ICH DIE SOFTWARE SOUNDS KOPIEREN?<\/h3><div class='slide-entry-excerpt entry-content'  itemprop=\"text\" ><p>Nein! Wir stecken viel Arbeit, Zeit und Liebe in das Projekt und versuchen, dies mit marktgerechten Preisen zu verg\u00fcten. Sie k\u00f6nnen die Sounds oder Halbplaybacks auf Ihrem Instrument als Nutzungsrecht verwenden, aber Sie d\u00fcrfen es nicht kopieren und an Dritte weitergeben oder weiterverkaufen.<\/p>\n<p>Das Eigentum und Urheberrecht an allen Dingen auf unserer Seite (Sounds und Halbplaybacks) sind Eigentum der Soundfactory.info (Top Shop Group Ltd. London). Sie erhalten eine uneingeschr\u00e4nkte Lizenz f\u00fcr das Nutzungsrecht, aber kein Eigentum oder Urheberrecht an der heruntergeladenen Software.<\/p>\n<p>Wir haben eine spezielle versteckte verschl\u00fcsselte Methode auf all unserem Material, um zu identifizieren, wer die Software gekauft hat, um sie zu identifizieren. Wir scheuen auch nicht davor zur\u00fcck, bei Verst\u00f6\u00dfen ohne Vorank\u00fcndigung rechtliche Schritte einzuleiten.<\/p>\n<p>Wenn Sie diese verkaufen oder mit Dritten teilen m\u00f6chten, bieten wir Ihnen <strong><a href=\"https:\/\/soundfactory.info\/affiliate\/\">Affiliate-Programm<\/a><\/strong>, wo wir Ihnen f\u00fcr jeden Verkauf eine nette Provision zahlen. <a href=\"https:\/\/soundfactory.info\/affiliate\/\"><strong>mehr&#8230;<\/strong><\/a><\/p>\n<\/div><\/section><\/div><\/div><\/div>\n","protected":false},"excerpt":{"rendered":"","protected":false},"author":1,"featured_media":0,"parent":0,"menu_order":0,"comment_status":"closed","ping_status":"closed","template":"","meta":{"_exactmetrics_skip_tracking":false,"_exactmetrics_sitenote_active":false,"_exactmetrics_sitenote_note":"","_exactmetrics_sitenote_category":0,"footnotes":""},"class_list":["post-2269","page","type-page","status-publish","hentry"],"aioseo_notices":[],"_links":{"self":[{"href":"https:\/\/soundfactory.info\/de\/wp-json\/wp\/v2\/pages\/2269","targetHints":{"allow":["GET"]}}],"collection":[{"href":"https:\/\/soundfactory.info\/de\/wp-json\/wp\/v2\/pages"}],"about":[{"href":"https:\/\/soundfactory.info\/de\/wp-json\/wp\/v2\/types\/page"}],"author":[{"embeddable":true,"href":"https:\/\/soundfactory.info\/de\/wp-json\/wp\/v2\/users\/1"}],"replies":[{"embeddable":true,"href":"https:\/\/soundfactory.info\/de\/wp-json\/wp\/v2\/comments?post=2269"}],"version-history":[{"count":2,"href":"https:\/\/soundfactory.info\/de\/wp-json\/wp\/v2\/pages\/2269\/revisions"}],"predecessor-version":[{"id":2277,"href":"https:\/\/soundfactory.info\/de\/wp-json\/wp\/v2\/pages\/2269\/revisions\/2277"}],"wp:attachment":[{"href":"https:\/\/soundfactory.info\/de\/wp-json\/wp\/v2\/media?parent=2269"}],"curies":[{"name":"wp","href":"https:\/\/api.w.org\/{rel}","templated":true}]}}